{"id":823,"date":"2026-03-31T07:46:14","date_gmt":"2026-03-31T07:46:14","guid":{"rendered":"https:\/\/tomasholub.art\/?page_id=823"},"modified":"2026-03-31T17:06:49","modified_gmt":"2026-03-31T17:06:49","slug":"kontakt","status":"publish","type":"page","link":"https:\/\/tomasholub.art\/?page_id=823","title":{"rendered":"KONTAKT"},"content":{"rendered":"<h4>Adresa d\u00edlny<\/h4>\n<p>Tyr\u0161ova 78, 294 21 B\u011bl\u00e1 pod Bezd\u011bzem, \u010cesk\u00e1 Republika<\/p>\n<p>e-mail: tomas@tomasholub.com<\/p>\n<p>e-mail: tomas@tomasholub.art<\/p>\n<p>tel: +420 603 208 579<\/p>\n","protected":false},"excerpt":{"rendered":"<p>Adresa d\u00edlny Tyr\u0161ova 78, 294 21 B\u011bl\u00e1 pod Bezd\u011bzem, \u010cesk\u00e1 Republika e-mail: tomas@tomasholub.com e-mail: tomas@tomasholub.art tel: +420 603 208 579<\/p>\n","protected":false},"author":2,"featured_media":0,"parent":0,"menu_order":0,"comment_status":"closed","ping_status":"closed","template":"","meta":{"footnotes":""},"categories":[],"tags":[],"class_list":["post-823","page","type-page","status-publish","hentry"],"_links":{"self":[{"href":"https:\/\/tomasholub.art\/index.php?rest_route=\/wp\/v2\/pages\/823","targetHints":{"allow":["GET"]}}],"collection":[{"href":"https:\/\/tomasholub.art\/index.php?rest_route=\/wp\/v2\/pages"}],"about":[{"href":"https:\/\/tomasholub.art\/index.php?rest_route=\/wp\/v2\/types\/page"}],"author":[{"embeddable":true,"href":"https:\/\/tomasholub.art\/index.php?rest_route=\/wp\/v2\/users\/2"}],"replies":[{"embeddable":true,"href":"https:\/\/tomasholub.art\/index.php?rest_route=%2Fwp%2Fv2%2Fcomments&post=823"}],"version-history":[{"count":4,"href":"https:\/\/tomasholub.art\/index.php?rest_route=\/wp\/v2\/pages\/823\/revisions"}],"predecessor-version":[{"id":836,"href":"https:\/\/tomasholub.art\/index.php?rest_route=\/wp\/v2\/pages\/823\/revisions\/836"}],"wp:attachment":[{"href":"https:\/\/tomasholub.art\/index.php?rest_route=%2Fwp%2Fv2%2Fmedia&parent=823"}],"wp:term":[{"taxonomy":"category","embeddable":true,"href":"https:\/\/tomasholub.art\/index.php?rest_route=%2Fwp%2Fv2%2Fcategories&post=823"},{"taxonomy":"post_tag","embeddable":true,"href":"https:\/\/tomasholub.art\/index.php?rest_route=%2Fwp%2Fv2%2Ftags&post=823"}],"curies":[{"name":"wp","href":"https:\/\/api.w.org\/{rel}","templated":true}]}}